{"id":75,"date":"2024-05-27T09:41:57","date_gmt":"2024-05-27T09:41:57","guid":{"rendered":"https:\/\/new.kinderuni.saarland\/?page_id=75"},"modified":"2024-05-27T09:50:36","modified_gmt":"2024-05-27T09:50:36","slug":"uni-abc","status":"publish","type":"page","link":"https:\/\/new.kinderuni.saarland\/index.php\/uni-abc\/","title":{"rendered":"UNI ABC"},"content":{"rendered":"\n<p><strong>Auditorium Maximum<\/strong><\/p>\n\n\n\n<p>Das \u201eAuditorium Maximum\u201c ist ein H\u00f6rsaal an der Universit\u00e4t des Saarlandes. Der Name kommt aus dem Lateinischen und bedeutet \u201egr\u00f6\u00dfter H\u00f6rsaal\u201c. An vielen anderen Universit\u00e4ten gibt es ebenfalls ein \u201eAuditorium Maximum\u201c, man nennt es auch einfach Audimax. Es befindet sich an der Universit\u00e4t des Saarlandes im Geb\u00e4ude B4 1.<\/p>\n\n\n\n<p><strong>Doktor (Dr.) <\/strong><\/p>\n\n\n\n<p>Bei dem Begriff Doktor denkst du bestimmt an einen Arzt. Allerdings gibt es sehr viele Doktoren, die eben keine \u00c4rzte sind. Als Doktor wird auch eine Person beschrieben, die nach ihrem Studium eine Forschungsarbeit geschrieben hat. Diese Person kennt sich auf dem Gebiet, das sie erforscht hat, besonders gut aus.<\/p>\n\n\n\n<p><strong>Dozent\/Dozentin<\/strong><\/p>\n\n\n\n<p>Du kannst einen Dozenten\/ eine Dozentin mit einem Lehrer \/ einer Lehrerin vergleichen. Sie sind Personen, welche die Veranstaltungen und Kurse an der Universit\u00e4t leiten. So wie deine Lehrpersonen dir etwas beibringen, unterrichten die Dozenten die Studierenden.<\/p>\n\n\n\n<p><strong>H\u00f6rsaal<\/strong><\/p>\n\n\n\n<p>Ein H\u00f6rsaal ist ein Raum, in dem die Veranstaltungen von Dozierenden gehalten werden. Du kannst ihn also mit einem Klassenzimmer vergleichen. Allerdings sind die Sitzpl\u00e4tze in einem H\u00f6rsaal wie in einem Kino aufgebaut: Alle Studierenden schauen nach vorne, wo der Dozent oder die Dozentin steht. An einer Universit\u00e4t gibt es viele verschieden gro\u00dfe H\u00f6rs\u00e4le\u00a0(siehe Audimax).<\/p>\n\n\n\n<p><strong>Klopfen <\/strong><\/p>\n\n\n\n<p>Am Ende einer Vorlesung oder eines Seminars will man dem Professor, der Professorin oder den Dozierenden ein Lob f\u00fcr seine Vorlesung aussprechen. Anders als im Theater, wo du am Ende eines St\u00fcckes klatschst, klopfen die Studierenden am Ende einer Vorlesung oder eines Seminars auf ihren Tisch. Wenn sie lange und laut klopfen, bedeutet es, dass die Vorlesung oder das Seminar sehr interessant war.<\/p>\n\n\n\n<p><strong>Professor\/Professorin (Prof.)<\/strong><\/p>\n\n\n\n<p>Der Begriff Professor ist die Berufsbezeichnung f\u00fcr eine Person, die an einer Hochschule (beispielsweise einer Universit\u00e4t) unterrichtet. Ein Professor ist jedoch kein normaler Dozent. Professoren forschen in einem bestimmten Fachgebiet. Mehrere Doktoranden, Dozierende und weitere Mitarbeiten arbeiten mit dem Professor auf diesem Gebiet zusammen.<\/p>\n\n\n\n<p><strong>Semester<\/strong><\/p>\n\n\n\n<p>Ein Jahr wird an der Universit\u00e4t in zwei Abschnitte, zwei Semester, unterteilt. Es gibt ein Sommersemester (Beginn 1. April) und ein Wintersemester (Beginn 1. Oktober). An der Schule hei\u00dfen diese \u201eHalbzeiten\u201c 1. Halbjahr und 2. Halbjahr. Zwischen den Semestern haben die Studierenden immer einige Wochen Semesterferien. Die Kinderuni findet im Wintersemester an vier und im Sommersemester an drei Terminen statt.<\/p>\n\n\n\n<p><strong>Seminare<\/strong><\/p>\n\n\n\n<p>Auch Studierende an der Universit\u00e4t haben Unterricht. Allerdings haben sie diesen nicht in Schulstunden wie du, sondern in Seminaren. In den Seminaren werden Themen aus den Vorlesungen wieder aufgegriffen und vertieft. An einem Seminar k\u00f6nnen nur wenige Studierende teilnehmen. Seminare finden normalerweise w\u00f6chentlich statt und dauern 45 oder 90 Minuten.<\/p>\n\n\n\n<p><strong>Studierende<\/strong><\/p>\n\n\n\n<p>Als Studierende werden alle Personen beschrieben, die an einer Universit\u00e4t oder einer anderen Hochschule lernen, sie sind quasi Sch\u00fcler der Universit\u00e4t so wie ihr Sch\u00fcler an einer Schule seid. Sie bilden sich in einem bestimmten Fach oder Themenbereich weiter und machen darin einen Abschluss. Ein besonderer Studiengang ist das Lehramt. Hier werden eure zuk\u00fcnftigen Lehrpersonen an der Universit\u00e4t ausgebildet. Fragt doch mal euren Lehrer oder eure Lehrerin, wo sie studiert haben.<\/p>\n\n\n\n<p><strong>Studierendenausweis<\/strong><\/p>\n\n\n\n<p>Um als Studierende einer Universit\u00e4t erkannt zu werden, besitzen alle Studierenden einen Ausweis, den Studierendenausweis. Er kann ganz verschieden aussehen, je nachdem an welcher Universit\u00e4t man studiert. In Saarbr\u00fccken hat der Studierendenausweis die Form einer Chipkarte. Auch du bekommst, wenn du angemeldet bist, einen Studierendenausweis der Kinderuni. Er zeigt, dass du an der Kinderuni teilnimmst.<\/p>\n\n\n\n<p><strong>Universit\u00e4t<\/strong><\/p>\n\n\n\n<p>Eine Universit\u00e4t ist ein Ort, an dem Personen mit bestandenem Abitur (h\u00f6chster schulischer Abschluss nach 12 oder 13 Schuljahren) oder einem Fachabitur mit anschlie\u00dfend abgeschlossener Ausbildung weiter lernen k\u00f6nnen. Du kannst das damit vergleichen, dass sie noch weiter zur Schule gehen und ihr Wissen in einem bestimmten Bereich vertiefen. An einer Universit\u00e4t sind viele Leute besch\u00e4ftigt. Dort arbeiten Professoren, Dozierende und viele andere Mitarbeiter. Meist hat eine Universit\u00e4t ein gro\u00dfes Gel\u00e4nde, auf dem viele verschiedene Geb\u00e4ude stehen. Manchmal sind diese Geb\u00e4ude aber auch in einer Stadt verteilt. Die Universit\u00e4t in Saarbr\u00fccken ist die einzige Universit\u00e4t im Saarland. Sie wird von etwa 20.000 Studierenden besucht. Man kann die Universit\u00e4t mit \u201eUni\u201c abk\u00fcrzen.<\/p>\n\n\n\n<p><strong>Vorlesung <\/strong><\/p>\n\n\n\n<p>Vorlesungen sind Veranstaltungen, die meist von Professoren gehalten werden. Sie finden in einem H\u00f6rsaal statt. Der Professor steht vorne und erz\u00e4hlt etwas zu einem bestimmten Thema. Die Studierenden h\u00f6ren genau zu und machen sich Notizen. Au\u00dferdem werden Vorlesungen genutzt, um \u00fcber Themen zu diskutieren. Normalerweise findet eine Vorlesung einmal in der Woche statt und dauert 90 Minuten. Wenn du f\u00fcr die Kinderuni angemeldet bist, kannst auch du an einer Vorlesung teilnehmen.<\/p>\n","protected":false},"excerpt":{"rendered":"<p>Auditorium Maximum Das \u201eAuditorium Maximum\u201c ist ein H\u00f6rsaal an der Universit\u00e4t des Saarlandes. Der Name kommt aus dem Lateinischen und bedeutet \u201egr\u00f6\u00dfter H\u00f6rsaal\u201c. An vielen anderen Universit\u00e4ten gibt es ebenfalls ein \u201eAuditorium Maximum\u201c, man nennt es auch einfach Audimax. Es befindet sich an der Universit\u00e4t des Saarlandes im Geb\u00e4ude B4 1. Doktor (Dr.) Bei dem [&hellip;]<\/p>\n","protected":false},"author":1,"featured_media":0,"parent":0,"menu_order":0,"comment_status":"closed","ping_status":"closed","template":"","meta":{"footnotes":""},"class_list":["post-75","page","type-page","status-publish","hentry"],"_links":{"self":[{"href":"https:\/\/new.kinderuni.saarland\/index.php\/wp-json\/wp\/v2\/pages\/75","targetHints":{"allow":["GET"]}}],"collection":[{"href":"https:\/\/new.kinderuni.saarland\/index.php\/wp-json\/wp\/v2\/pages"}],"about":[{"href":"https:\/\/new.kinderuni.saarland\/index.php\/wp-json\/wp\/v2\/types\/page"}],"author":[{"embeddable":true,"href":"https:\/\/new.kinderuni.saarland\/index.php\/wp-json\/wp\/v2\/users\/1"}],"replies":[{"embeddable":true,"href":"https:\/\/new.kinderuni.saarland\/index.php\/wp-json\/wp\/v2\/comments?post=75"}],"version-history":[{"count":3,"href":"https:\/\/new.kinderuni.saarland\/index.php\/wp-json\/wp\/v2\/pages\/75\/revisions"}],"predecessor-version":[{"id":78,"href":"https:\/\/new.kinderuni.saarland\/index.php\/wp-json\/wp\/v2\/pages\/75\/revisions\/78"}],"wp:attachment":[{"href":"https:\/\/new.kinderuni.saarland\/index.php\/wp-json\/wp\/v2\/media?parent=75"}],"curies":[{"name":"wp","href":"https:\/\/api.w.org\/{rel}","templated":true}]}}