{"id":69,"date":"2024-05-27T09:32:35","date_gmt":"2024-05-27T09:32:35","guid":{"rendered":"https:\/\/new.kinderuni.saarland\/?page_id=69"},"modified":"2024-05-27T09:32:35","modified_gmt":"2024-05-27T09:32:35","slug":"tops-und-tipps","status":"publish","type":"page","link":"https:\/\/new.kinderuni.saarland\/index.php\/tops-und-tipps\/","title":{"rendered":"Tops und Tipps"},"content":{"rendered":"\n<h2 class=\"wp-block-heading\"><strong><mark style=\"background-color:rgba(0, 0, 0, 0)\" class=\"has-inline-color has-accent-4-color\">Tops:<\/mark><\/strong><\/h2>\n\n\n\n<p><strong>Vor<\/strong>&nbsp;der Vorlesung:<\/p>\n\n\n\n<ul class=\"wp-block-list\">\n<li><strong>Treffpunkt<\/strong>\u00a0mit den Eltern vereinbaren<\/li>\n<\/ul>\n\n\n\n<p>\u2192 hilfreich: Nummern an den T\u00fcren des Audimax-Geb\u00e4udes (Geburtsmonat)<\/p>\n\n\n\n<ul class=\"wp-block-list\">\n<li><strong>Ausweise<\/strong>\u00a0abholen<\/li>\n\n\n\n<li>auf\u00a0<strong>Toilette<\/strong>\u00a0gehen<\/li>\n\n\n\n<li>Reihen im Vorlesungssaal\u00a0<strong>von vorne nach hinten<\/strong>\u00a0f\u00fcllen<\/li>\n<\/ul>\n\n\n\n<p><strong>W\u00e4hrend<\/strong>&nbsp;der Vorlesung:<\/p>\n\n\n\n<ul class=\"wp-block-list\">\n<li><strong>R\u00fccksicht<\/strong>\u00a0aufeinander nehmen<\/li>\n\n\n\n<li><strong>leise<\/strong>\u00a0sein<\/li>\n\n\n\n<li>auf Kinderuni-Team\u00a0<strong>h\u00f6ren<\/strong><\/li>\n\n\n\n<li><strong>\u200b<\/strong>bei Problemen\u00a0<strong>an Kinderuni-Team wenden<\/strong><\/li>\n<\/ul>\n\n\n\n<p><strong>Nach<\/strong>&nbsp;der Vorlesung:<\/p>\n\n\n\n<ul class=\"wp-block-list\">\n<li><strong>Kinderfragen<\/strong>\u00a0an Stellwand hinterlassen<\/li>\n<\/ul>\n\n\n\n<h2 class=\"wp-block-heading\"><strong><mark style=\"background-color:rgba(0, 0, 0, 0)\" class=\"has-inline-color has-accent-3-color\">Tipps:<\/mark><\/strong><\/h2>\n\n\n\n<p><strong>Vor<\/strong>&nbsp;der Vorlesung:<\/p>\n\n\n\n<ul class=\"wp-block-list\">\n<li>NICHT\u00a0<strong>dr\u00e4ngeln<\/strong>, langsam gehen<\/li>\n<\/ul>\n\n\n\n<p><strong>W\u00e4hrend<\/strong>&nbsp;der Vorlesung:<\/p>\n\n\n\n<ul class=\"wp-block-list\">\n<li>KEINE\u00a0<strong>Getr\u00e4nke und Speisen<\/strong>\u00a0im H\u00f6rsaal<\/li>\n\n\n\n<li>KEINE\u00a0<strong>Eltern<\/strong>\u00a0im H\u00f6rsaal<\/li>\n\n\n\n<li>KEINE\u00a0<strong>Handys<\/strong>\u00a0im H\u00f6rsaal<\/li>\n<\/ul>\n\n\n\n<p>\u2192 Vorlesungen werden aufgenommen und ver\u00f6ffentlicht<\/p>\n\n\n\n<ul class=\"wp-block-list\">\n<li>NICHT\u00a0<strong>auf St\u00fchle\/Tische stellen<\/strong><\/li>\n<\/ul>\n\n\n\n<p><strong>Nach<\/strong>&nbsp;der Vorlesung:<\/p>\n\n\n\n<ul class=\"wp-block-list\">\n<li>NICHT\u00a0<strong>dr\u00e4ngeln<\/strong>, langsam gehen<\/li>\n<\/ul>\n","protected":false},"excerpt":{"rendered":"<p>Tops: Vor&nbsp;der Vorlesung: \u2192 hilfreich: Nummern an den T\u00fcren des Audimax-Geb\u00e4udes (Geburtsmonat) W\u00e4hrend&nbsp;der Vorlesung: Nach&nbsp;der Vorlesung: Tipps: Vor&nbsp;der Vorlesung: W\u00e4hrend&nbsp;der Vorlesung: \u2192 Vorlesungen werden aufgenommen und ver\u00f6ffentlicht Nach&nbsp;der Vorlesung:<\/p>\n","protected":false},"author":1,"featured_media":0,"parent":0,"menu_order":0,"comment_status":"closed","ping_status":"closed","template":"","meta":{"footnotes":""},"class_list":["post-69","page","type-page","status-publish","hentry"],"_links":{"self":[{"href":"https:\/\/new.kinderuni.saarland\/index.php\/wp-json\/wp\/v2\/pages\/69","targetHints":{"allow":["GET"]}}],"collection":[{"href":"https:\/\/new.kinderuni.saarland\/index.php\/wp-json\/wp\/v2\/pages"}],"about":[{"href":"https:\/\/new.kinderuni.saarland\/index.php\/wp-json\/wp\/v2\/types\/page"}],"author":[{"embeddable":true,"href":"https:\/\/new.kinderuni.saarland\/index.php\/wp-json\/wp\/v2\/users\/1"}],"replies":[{"embeddable":true,"href":"https:\/\/new.kinderuni.saarland\/index.php\/wp-json\/wp\/v2\/comments?post=69"}],"version-history":[{"count":1,"href":"https:\/\/new.kinderuni.saarland\/index.php\/wp-json\/wp\/v2\/pages\/69\/revisions"}],"predecessor-version":[{"id":70,"href":"https:\/\/new.kinderuni.saarland\/index.php\/wp-json\/wp\/v2\/pages\/69\/revisions\/70"}],"wp:attachment":[{"href":"https:\/\/new.kinderuni.saarland\/index.php\/wp-json\/wp\/v2\/media?parent=69"}],"curies":[{"name":"wp","href":"https:\/\/api.w.org\/{rel}","templated":true}]}}