{"id":67,"date":"2024-05-27T09:30:21","date_gmt":"2024-05-27T09:30:21","guid":{"rendered":"https:\/\/new.kinderuni.saarland\/?page_id=67"},"modified":"2024-05-27T09:30:21","modified_gmt":"2024-05-27T09:30:21","slug":"infos-fuer-eltern","status":"publish","type":"page","link":"https:\/\/new.kinderuni.saarland\/index.php\/infos-fuer-eltern\/","title":{"rendered":"Infos f\u00fcr Eltern"},"content":{"rendered":"\n<p><strong>Liebe Eltern, liebe Schulen, liebe Begleitpersonen,<\/strong><\/p>\n\n\n\n<p>drei- bis viermal im Semester bietet die Universit\u00e4t des Saarlandes Vorlesungen f\u00fcr Kinder zwischen 8&nbsp;und 12 Jahren an. Professor*innen der Universit\u00e4t beantworten dabei kindgerecht spannende Fragen aus Wissenschaft und Alltag. Die Themen drehen sich um Dinge, die in der Schule nicht oder nur am Rande behandelt werden. Die Kinderuni Saar will weder Nachhilfe noch spezifische F\u00f6rderung f\u00fcr besonders Begabte sein. Sie ist vielmehr ein Angebot f\u00fcr jedes Kind, das neugierig ist und mehr \u00fcber seine Welt erfahren m\u00f6chte.<\/p>\n\n\n\n<p>Selbstverst\u00e4ndlich sind auch Schulklassen und andere Kindergruppen herzlich zu den Vorlesungen der Kinderuni Saar eingeladen.<\/p>\n\n\n\n<p><strong>Die Teilnahme ist f\u00fcr alle Kinder kostenfrei.<\/strong><\/p>\n\n\n\n<p>Jede Kinderuni-Vorlesung beginnt um 16 Uhr c. t. (cum tempore = mit Zeit), das hei\u00dft, nicht um Punkt 16:00 Uhr, sondern gegen 16:15 Uhr, und dauert etwa 45 Minuten. Da anschlie\u00dfend in der Regel noch Fragen der Kinder beantwortet werden, ist mit einer&nbsp;Gesamtdauer von ungef\u00e4hr einer Stunde&nbsp;zu rechnen. Vor jeder Vorlesung gibt es ein Rahmenprogramm, welches um 15:15 Uhr startet.<\/p>\n\n\n\n<p>Bitte haben Sie Verst\u00e4ndnis daf\u00fcr, dass der Einlass in das Audimax (Geb\u00e4ude B4 1 auf dem Campus der Universit\u00e4t des Saarlandes) nur den Kindern und den Mitarbeiter*innen und VIPs der Kinderuni Saar vorbehalten ist. Die Vorlesung wird f\u00fcr die Eltern im Raum 0.18 (auf der R\u00fcckseite des Audimax) live \u00fcbertragen.<\/p>\n\n\n\n<p><strong>Es gibt einen Elternh\u00f6rsaal f\u00fcr Begleitpersonen.<\/strong><\/p>\n\n\n\n<p>Die Eltern haben die M\u00f6glichkeit, die Vorlesung \u00fcber einen Stream in einem separaten H\u00f6rsaal zu verfolgen.<\/p>\n\n\n\n<p>Informationen zum&nbsp;<a href=\"http:\/\/kinderuni.saarland\/aktuelles-programm\">Programm<\/a>&nbsp;und zur&nbsp;<a href=\"http:\/\/kinderuni.saarland\/anfahrt\">Anfahrt&nbsp;<\/a>erhalten Sie ebenfalls auf unserer Website&nbsp;<a href=\"http:\/\/www.kinderuni.saarland\/\" target=\"_blank\" rel=\"noreferrer noopener\">www.kinderuni.saarland<\/a>.<\/p>\n\n\n\n<p><strong>Weitere Informationen findet ihr in unseren&nbsp;<a href=\"https:\/\/kinderuni.saarland\/faq\">FAQ<\/a>.<\/strong><\/p>\n","protected":false},"excerpt":{"rendered":"<p>Liebe Eltern, liebe Schulen, liebe Begleitpersonen, drei- bis viermal im Semester bietet die Universit\u00e4t des Saarlandes Vorlesungen f\u00fcr Kinder zwischen 8&nbsp;und 12 Jahren an. Professor*innen der Universit\u00e4t beantworten dabei kindgerecht spannende Fragen aus Wissenschaft und Alltag. Die Themen drehen sich um Dinge, die in der Schule nicht oder nur am Rande behandelt werden. Die Kinderuni [&hellip;]<\/p>\n","protected":false},"author":1,"featured_media":0,"parent":0,"menu_order":0,"comment_status":"closed","ping_status":"closed","template":"","meta":{"footnotes":""},"class_list":["post-67","page","type-page","status-publish","hentry"],"_links":{"self":[{"href":"https:\/\/new.kinderuni.saarland\/index.php\/wp-json\/wp\/v2\/pages\/67","targetHints":{"allow":["GET"]}}],"collection":[{"href":"https:\/\/new.kinderuni.saarland\/index.php\/wp-json\/wp\/v2\/pages"}],"about":[{"href":"https:\/\/new.kinderuni.saarland\/index.php\/wp-json\/wp\/v2\/types\/page"}],"author":[{"embeddable":true,"href":"https:\/\/new.kinderuni.saarland\/index.php\/wp-json\/wp\/v2\/users\/1"}],"replies":[{"embeddable":true,"href":"https:\/\/new.kinderuni.saarland\/index.php\/wp-json\/wp\/v2\/comments?post=67"}],"version-history":[{"count":1,"href":"https:\/\/new.kinderuni.saarland\/index.php\/wp-json\/wp\/v2\/pages\/67\/revisions"}],"predecessor-version":[{"id":68,"href":"https:\/\/new.kinderuni.saarland\/index.php\/wp-json\/wp\/v2\/pages\/67\/revisions\/68"}],"wp:attachment":[{"href":"https:\/\/new.kinderuni.saarland\/index.php\/wp-json\/wp\/v2\/media?parent=67"}],"curies":[{"name":"wp","href":"https:\/\/api.w.org\/{rel}","templated":true}]}}