{"id":2,"date":"2024-05-08T10:33:51","date_gmt":"2024-05-08T10:33:51","guid":{"rendered":"https:\/\/new.kinderuni.saarland\/?page_id=2"},"modified":"2024-05-13T06:49:17","modified_gmt":"2024-05-13T06:49:17","slug":"sample-page","status":"publish","type":"page","link":"https:\/\/new.kinderuni.saarland\/index.php\/sample-page\/","title":{"rendered":"Wir \u00dcber Uns"},"content":{"rendered":"\n<p><strong>Allgemeine Informationen:<\/strong><\/p>\n\n\n\n<p>Seit dem Sommersemester 2005 bietet die Kinderuni Saar an der Universit\u00e4t des Saarlandes drei- bis viermal im Semester Vorlesungen f\u00fcr Kinder im Alter von acht bis zw\u00f6lf Jahren an. Professor*innen der Universit\u00e4t beantworten dabei kindgerecht spannende Fragen aus Wissenschaft und Alltag. Die Themen drehen sich um Dinge, die in der Schule nicht oder nur am Rande behandelt werden. Die Kinderuni Saar will weder Nachhilfe noch spezifische F\u00f6rderung f\u00fcr besonders Begabte sein. Sie ist vielmehr ein Angebot f\u00fcr jedes Kind, das neugierig ist und mehr \u00fcber seine Welt erfahren m\u00f6chte.<\/p>\n\n\n\n<p><strong>Verantwortliche Personen:<\/strong><\/p>\n\n\n\n<p>Nachdem Prof. Dr. Werner H. Tack, emeritierter Professor f\u00fcr Psychologie an der Universit\u00e4t des Saarlandes, die Kinderuni Saar seit dem Sommersemester 2005 (Mai 2005) zehn Jahre lang bis zum Wintersemester 2015\/16 (Dezember 2015) organisierte, wurde diese Organisation seit dem Wintersemester 2015\/16 (Januar 2016) von Prof. Dr. Markus Peschel, Professor f\u00fcr Didaktik des Sachunterrichts an der Universit\u00e4t des Saarlandes, \u00fcbernommen. Von 2013 bis 2021 wurde die Kinderuni Saar zudem&nbsp;<a href=\"https:\/\/www.saarbruecker-zeitung.de\/saarland\/saarbruecken\/stephanie-o-neal-betreut-seit-jahren-die-kinderuni-in-saarbruecken_aid-57385445\">von Stephanie O&#8217;Neal unterst\u00fctzt<\/a>, deren Aufgaben zum Sommersemester 2022 (April 2022) von Patrick Peifer \u00fcbernommen wurden. Seit dem Wintersemester 2022\/23 wirken auch Kerstin Nicolai und Dominik Meyer als Ansprechpartner*innen bei der Planung und Durchf\u00fchrung der Kinderuni Saar mit. Unterst\u00fctzt wird das Kinderuni-Team durch studentische Hilfskr\u00e4fte.<\/p>\n\n\n\n<p><strong>Formate:<\/strong><\/p>\n\n\n\n<p>Obwohl die Kinderuni Saar standardm\u00e4\u00dfig Vorlesungen, die von einem Rahmenprogramm gerahmt werden, im Pr\u00e4senzbetrieb durchf\u00fchrt, wurden im Laufe der Zeit wurden verschiedene Formate neu konzipiert: So wurde zu Beginn der Corona-Pandemie aufgrund der Kontaktbeschr\u00e4nkungen eine &#8222;Kinderuni-Corona-Spezialvorlesung&#8220; (Sommersemester 2020) per Livestream durchgef\u00fchrt, bei der Kinder die Gelegenheit hatten, Fragen \u00fcber den Chat des&nbsp;<a href=\"https:\/\/www.youtube.com\/@KinderuniSaar\">YouTube-Kanals &#8222;Kinderuni Saar&#8220;<\/a>&nbsp;zu stellen, die live von den Dozierenden beantwortet wurden. Anschlie\u00dfend wurde, w\u00e4hrend der Corona-Pandemie, das Format &#8222;Kinderuni besucht Schule&#8220; (Wintersemester 2021\/22) entwickelt, bei dem Dozierende Schulklassen besuchten und dort die Fragen von Sch\u00fcler*innen beantworteten. Im Sommersemester 2021 zum Thema &#8222;Quantenwelten&#8220; hielten Dozierende jeweils einen Fachvortrag an der Universit\u00e4t des Saarlandes, der aufgezeichnet und in Schulklassen pr\u00e4sentiert wurde. Anschlie\u00dfend besuchten die Dozierenden die Schulklassen und beantworteten dort die thematischen Fragen der Sch\u00fcler*innen. Die Videos der Fachvort\u00e4ge und der Schulklassenbesuche sind auf dem&nbsp;<a href=\"https:\/\/www.youtube.com\/@KinderuniSaar\">YouTube-Kanal &#8222;Kinderuni Saar&#8220;<\/a>&nbsp;zu finden und dauerhaft anzuschauen. Im Wintersemester 2021\/22 wurden die Vorlesungen zum Thema &#8222;Wasserwelten&#8220; nur von sehr wenigen geimpften oder genesenen Kindern live besucht, aber gleichzeitig als Stream \u00fcber&nbsp;<a href=\"https:\/\/www.facebook.com\/kinderuni.saar\/?locale=de_DE\">Facebook (&#8222;Kinderuni Saar&#8220;)<\/a>&nbsp;gesendet.<\/p>\n\n\n\n<p><strong>Neustart mit Starg\u00e4sten:<\/strong><\/p>\n\n\n\n<p>Den Neustart in Pr\u00e4senz, nach der Corona-Pandemie, konnte die Kinderuni Saar im Sommersemester 2022 zum Thema &#8222;Experimentierwelten&#8220; mit einem riesigen Erfolg und dem prominenten Gast&nbsp;<a href=\"https:\/\/www.youtube.com\/watch?v=vMNzKXKGtVM\">Christoph Biemann<\/a>, bekannt als langj\u00e4hriger Moderator der &#8222;Sendung mit der Maus&#8220;, feiern. Im Wintersemester 2022\/23 zum Thema &#8222;Raumfahrtwelten&#8220; hatte die Kinderuni Saar den &#8222;Saarstronauten&#8220;, den saarl\u00e4ndischen ESA-Astronauten&nbsp;<a href=\"https:\/\/www.youtube.com\/watch?v=gEbFHuZfaQc\">Dr. Matthias Maurer<\/a>, zu Gast. In beiden genannten Semestern war die Kinderuni Saar seit Jahren zum ersten Mal wieder (mehr als) ausgebucht. Im Sommersemester 2023 setzte sich die Kinderuni Saar mit dem Thema &#8222;Sprachenwelten&#8220; auseinander und verzeichnete \u00fcber 680 Anmeldungen. Das Wintersemester 2023\/24 widmet sich dem Thema &#8222;Computerwelten&#8220;, zu dem auch Special Guest Ralph Caspers, bekannt als Moderator der &#8222;Sendung mit der Maus&#8220; oder von &#8222;Wissen macht Ah!&#8220;, eine Vorlesung halten wird; es haben sich \u00fcber 780 Kinder f\u00fcr die Vorlesungen im Wintersemester 2023\/24 angemeldet. F\u00fcr das Sommersemester 2024 zum Thema &#8222;Fu\u00dfballwelten&#8220; hat der Anmeldezeitraum nun begonnen.<\/p>\n","protected":false},"excerpt":{"rendered":"<p>Allgemeine Informationen: Seit dem Sommersemester 2005 bietet die Kinderuni Saar an der Universit\u00e4t des Saarlandes drei- bis viermal im Semester Vorlesungen f\u00fcr Kinder im Alter von acht bis zw\u00f6lf Jahren an. Professor*innen der Universit\u00e4t beantworten dabei kindgerecht spannende Fragen aus Wissenschaft und Alltag. Die Themen drehen sich um Dinge, die in der Schule nicht oder [&hellip;]<\/p>\n","protected":false},"author":1,"featured_media":0,"parent":0,"menu_order":0,"comment_status":"closed","ping_status":"closed","template":"","meta":{"footnotes":""},"class_list":["post-2","page","type-page","status-publish","hentry"],"_links":{"self":[{"href":"https:\/\/new.kinderuni.saarland\/index.php\/wp-json\/wp\/v2\/pages\/2","targetHints":{"allow":["GET"]}}],"collection":[{"href":"https:\/\/new.kinderuni.saarland\/index.php\/wp-json\/wp\/v2\/pages"}],"about":[{"href":"https:\/\/new.kinderuni.saarland\/index.php\/wp-json\/wp\/v2\/types\/page"}],"author":[{"embeddable":true,"href":"https:\/\/new.kinderuni.saarland\/index.php\/wp-json\/wp\/v2\/users\/1"}],"replies":[{"embeddable":true,"href":"https:\/\/new.kinderuni.saarland\/index.php\/wp-json\/wp\/v2\/comments?post=2"}],"version-history":[{"count":2,"href":"https:\/\/new.kinderuni.saarland\/index.php\/wp-json\/wp\/v2\/pages\/2\/revisions"}],"predecessor-version":[{"id":18,"href":"https:\/\/new.kinderuni.saarland\/index.php\/wp-json\/wp\/v2\/pages\/2\/revisions\/18"}],"wp:attachment":[{"href":"https:\/\/new.kinderuni.saarland\/index.php\/wp-json\/wp\/v2\/media?parent=2"}],"curies":[{"name":"wp","href":"https:\/\/api.w.org\/{rel}","templated":true}]}}