{"id":19,"date":"2024-05-13T06:54:00","date_gmt":"2024-05-13T06:54:00","guid":{"rendered":"https:\/\/new.kinderuni.saarland\/?page_id=19"},"modified":"2024-05-13T06:54:00","modified_gmt":"2024-05-13T06:54:00","slug":"infos-ueber-die-kinderuni","status":"publish","type":"page","link":"https:\/\/new.kinderuni.saarland\/index.php\/infos-ueber-die-kinderuni\/","title":{"rendered":"Infos \u00dcber die Kinderuni"},"content":{"rendered":"\n<h1 class=\"wp-block-heading\">WAS IST DIE KINDERUNI SAAR?<\/h1>\n\n\n\n<p>Diese oder \u00e4hnliche Fragen hast du dir bestimmt auch schon einmal gestellt. Die Kinderuni Saar will helfen, Fragen zu beantworten. Sie nimmt deine Fragen auf und versucht sie mit Hilfe von Expert*innen \u2013 dies sind meist Professor*innen \u2013 zu beantworten.<\/p>\n\n\n\n<p>Die Expert*innen, die sonst an der Universit\u00e4t des Saarlandes den Studierenden etwas beibringen, halten an drei bis vier Terminen im Semester eine Vorlesung f\u00fcr dich. Die Kinder-Vorlesungen finden im gr\u00f6\u00dften H\u00f6rsaal, dem &#8222;Auditorium Maximum&#8220; (kurz: &#8222;Audimax&#8220;; in Geb\u00e4ude B4 1), auf dem Universit\u00e4tsgel\u00e4nde statt.<\/p>\n\n\n\n<p>Wenn deine&nbsp;Eltern&nbsp;dich angemeldet haben, erh\u00e4ltst du an einem der St\u00e4nde vor dem H\u00f6rsaal einen Studierendenausweis (Stempelkarte) der Kinderuni Saar. Bringe diesen Ausweis immer mit, damit du ihn vor jeder Vorlesung abstempeln lassen kannst. Hast du am Ende eines Semesters alle Stempel auf deinem Ausweis gesammelt, kannst du eine Kinderuni-Urkunde f\u00fcr das entsprechende Semester bei uns beantragen.<\/p>\n\n\n\n<p>Wir w\u00fcnschen dir viel Spa\u00df und freuen uns auf dein Kommen!<br>Dein Kinderuni-Team<\/p>\n\n\n\n<p>Tipps:<\/p>\n\n\n\n<ul class=\"wp-block-list\">\n<li>W\u00f6rter, die an der Universit\u00e4t oft benutzt werden, kannst du in unserem\u00a0<a href=\"http:\/\/kinderuni.saarland\/uni-abc\">Uni-ABC<\/a>\u00a0nachschauen.<\/li>\n\n\n\n<li>Falls du oder deine Eltern noch Fragen zur Kinderuni Saar haben, schaut doch mal in die\u00a0<a href=\"https:\/\/kinderuni.saarland\/infos-f%C3%BCr-eltern-und-schulen\">Infos f\u00fcr Eltern und Schulen<\/a>\u00a0oder in die\u00a0<a href=\"https:\/\/kinderuni.saarland\/faq\">FAQ<\/a>, eine Ansammlung von oft gestellten Fragen, die das Kinderuni-Team beantwortet hat.<\/li>\n<\/ul>\n","protected":false},"excerpt":{"rendered":"<p>WAS IST DIE KINDERUNI SAAR? Diese oder \u00e4hnliche Fragen hast du dir bestimmt auch schon einmal gestellt. Die Kinderuni Saar will helfen, Fragen zu beantworten. Sie nimmt deine Fragen auf und versucht sie mit Hilfe von Expert*innen \u2013 dies sind meist Professor*innen \u2013 zu beantworten. Die Expert*innen, die sonst an der Universit\u00e4t des Saarlandes den [&hellip;]<\/p>\n","protected":false},"author":1,"featured_media":0,"parent":0,"menu_order":0,"comment_status":"closed","ping_status":"closed","template":"","meta":{"footnotes":""},"class_list":["post-19","page","type-page","status-publish","hentry"],"_links":{"self":[{"href":"https:\/\/new.kinderuni.saarland\/index.php\/wp-json\/wp\/v2\/pages\/19","targetHints":{"allow":["GET"]}}],"collection":[{"href":"https:\/\/new.kinderuni.saarland\/index.php\/wp-json\/wp\/v2\/pages"}],"about":[{"href":"https:\/\/new.kinderuni.saarland\/index.php\/wp-json\/wp\/v2\/types\/page"}],"author":[{"embeddable":true,"href":"https:\/\/new.kinderuni.saarland\/index.php\/wp-json\/wp\/v2\/users\/1"}],"replies":[{"embeddable":true,"href":"https:\/\/new.kinderuni.saarland\/index.php\/wp-json\/wp\/v2\/comments?post=19"}],"version-history":[{"count":1,"href":"https:\/\/new.kinderuni.saarland\/index.php\/wp-json\/wp\/v2\/pages\/19\/revisions"}],"predecessor-version":[{"id":20,"href":"https:\/\/new.kinderuni.saarland\/index.php\/wp-json\/wp\/v2\/pages\/19\/revisions\/20"}],"wp:attachment":[{"href":"https:\/\/new.kinderuni.saarland\/index.php\/wp-json\/wp\/v2\/media?parent=19"}],"curies":[{"name":"wp","href":"https:\/\/api.w.org\/{rel}","templated":true}]}}